{"id":4512,"date":"2023-11-23T18:42:48","date_gmt":"2023-11-23T15:42:48","guid":{"rendered":"https:\/\/new.axentgroup.pl\/glowny\/"},"modified":"2024-10-02T10:32:52","modified_gmt":"2024-10-02T07:32:52","slug":"glowny","status":"publish","type":"page","link":"https:\/\/vivat-trading.pl\/pl\/","title":{"rendered":"G\u0142\u00f3wny"},"content":{"rendered":"","protected":false},"excerpt":{"rendered":"","protected":false},"author":1,"featured_media":0,"parent":0,"menu_order":0,"comment_status":"closed","ping_status":"closed","template":"front-page.php","meta":{"footnotes":""},"class_list":["post-4512","page","type-page","status-publish","hentry"],"yoast_head":"<!-- This site is optimized with the Yoast SEO Premium plugin v18.6 (Yoast SEO v25.2) - https:\/\/yoast.com\/wordpress\/plugins\/seo\/ -->\n<title>Vivat Trading - G\u0142\u00f3wny<\/title>\n<meta name=\"description\" content=\"Firma Vivat Trading jest dystrybutorem artyku\u0142\u00f3w papierniczych dla szko\u0142y i biura.\" \/>\n<meta name=\"robots\" content=\"index, follow, max-snippet:-1, max-image-preview:large, max-video-preview:-1\" \/>\n<link rel=\"canonical\" href=\"https:\/\/vivat-trading.pl\/pl\/\" \/>\n<meta property=\"og:locale\" content=\"pl_PL\" \/>\n<meta property=\"og:type\" content=\"article\" \/>\n<meta property=\"og:title\" content=\"G\u0142\u00f3wny\" \/>\n<meta property=\"og:description\" content=\"Firma Vivat Trading jest dystrybutorem artyku\u0142\u00f3w papierniczych dla szko\u0142y i biura.\" \/>\n<meta property=\"og:url\" content=\"https:\/\/vivat-trading.pl\/pl\/\" \/>\n<meta property=\"og:site_name\" content=\"Vivat Trading\" \/>\n<meta property=\"article:modified_time\" content=\"2024-10-02T07:32:52+00:00\" \/>\n<meta name=\"twitter:card\" content=\"summary_large_image\" \/>\n<script type=\"application\/ld+json\" class=\"yoast-schema-graph\">{\"@context\":\"https:\/\/schema.org\",\"@graph\":[{\"@type\":\"WebPage\",\"@id\":\"https:\/\/vivat-trading.pl\/pl\/\",\"url\":\"https:\/\/vivat-trading.pl\/pl\/\",\"name\":\"Vivat Trading - G\u0142\u00f3wny\",\"isPartOf\":{\"@id\":\"https:\/\/vivat-trading.pl\/pl\/#website\"},\"datePublished\":\"2023-11-23T15:42:48+00:00\",\"dateModified\":\"2024-10-02T07:32:52+00:00\",\"description\":\"Firma Vivat Trading jest dystrybutorem artyku\u0142\u00f3w papierniczych dla szko\u0142y i biura.\",\"breadcrumb\":{\"@id\":\"https:\/\/vivat-trading.pl\/pl\/#breadcrumb\"},\"inLanguage\":\"pl-PL\",\"potentialAction\":[{\"@type\":\"ReadAction\",\"target\":[\"https:\/\/vivat-trading.pl\/pl\/\"]}]},{\"@type\":\"BreadcrumbList\",\"@id\":\"https:\/\/vivat-trading.pl\/pl\/#breadcrumb\",\"itemListElement\":[{\"@type\":\"ListItem\",\"position\":1,\"name\":\"G\u0142\u00f3wny\",\"item\":\"https:\/\/vivat-trading.pl\/pl\/\"},{\"@type\":\"ListItem\",\"position\":2,\"name\":\"G\u0142\u00f3wny\"}]},{\"@type\":\"WebSite\",\"@id\":\"https:\/\/vivat-trading.pl\/pl\/#website\",\"url\":\"https:\/\/vivat-trading.pl\/pl\/\",\"name\":\"Vivat Trading\",\"description\":\"Dystrybucja artyku\u0142\u00f3w biurowych i tekstylnych\",\"publisher\":{\"@id\":\"https:\/\/vivat-trading.pl\/pl\/#organization\"},\"potentialAction\":[{\"@type\":\"SearchAction\",\"target\":{\"@type\":\"EntryPoint\",\"urlTemplate\":\"https:\/\/vivat-trading.pl\/pl\/?s={search_term_string}\"},\"query-input\":{\"@type\":\"PropertyValueSpecification\",\"valueRequired\":true,\"valueName\":\"search_term_string\"}}],\"inLanguage\":\"pl-PL\"},{\"@type\":\"Organization\",\"@id\":\"https:\/\/vivat-trading.pl\/pl\/#organization\",\"name\":\"Vivat Trading\",\"url\":\"https:\/\/vivat-trading.pl\/pl\/\",\"logo\":{\"@type\":\"ImageObject\",\"inLanguage\":\"pl-PL\",\"@id\":\"https:\/\/vivat-trading.pl\/pl\/#\/schema\/logo\/image\/\",\"url\":\"https:\/\/new.axentgroup.pl\/wp-content\/uploads\/2023\/01\/logo-axent-group.svg\",\"contentUrl\":\"https:\/\/new.axentgroup.pl\/wp-content\/uploads\/2023\/01\/logo-axent-group.svg\",\"width\":223,\"height\":37,\"caption\":\"Vivat Trading\"},\"image\":{\"@id\":\"https:\/\/vivat-trading.pl\/pl\/#\/schema\/logo\/image\/\"}}]}<\/script>\n<!-- \/ Yoast SEO Premium plugin. -->","yoast_head_json":{"title":"Vivat Trading - G\u0142\u00f3wny","description":"Firma Vivat Trading jest dystrybutorem artyku\u0142\u00f3w papierniczych dla szko\u0142y i biura.","robots":{"index":"index","follow":"follow","max-snippet":"max-snippet:-1","max-image-preview":"max-image-preview:large","max-video-preview":"max-video-preview:-1"},"canonical":"https:\/\/vivat-trading.pl\/pl\/","og_locale":"pl_PL","og_type":"article","og_title":"G\u0142\u00f3wny","og_description":"Firma Vivat Trading jest dystrybutorem artyku\u0142\u00f3w papierniczych dla szko\u0142y i biura.","og_url":"https:\/\/vivat-trading.pl\/pl\/","og_site_name":"Vivat Trading","article_modified_time":"2024-10-02T07:32:52+00:00","twitter_card":"summary_large_image","schema":{"@context":"https:\/\/schema.org","@graph":[{"@type":"WebPage","@id":"https:\/\/vivat-trading.pl\/pl\/","url":"https:\/\/vivat-trading.pl\/pl\/","name":"Vivat Trading - G\u0142\u00f3wny","isPartOf":{"@id":"https:\/\/vivat-trading.pl\/pl\/#website"},"datePublished":"2023-11-23T15:42:48+00:00","dateModified":"2024-10-02T07:32:52+00:00","description":"Firma Vivat Trading jest dystrybutorem artyku\u0142\u00f3w papierniczych dla szko\u0142y i biura.","breadcrumb":{"@id":"https:\/\/vivat-trading.pl\/pl\/#breadcrumb"},"inLanguage":"pl-PL","potentialAction":[{"@type":"ReadAction","target":["https:\/\/vivat-trading.pl\/pl\/"]}]},{"@type":"BreadcrumbList","@id":"https:\/\/vivat-trading.pl\/pl\/#breadcrumb","itemListElement":[{"@type":"ListItem","position":1,"name":"G\u0142\u00f3wny","item":"https:\/\/vivat-trading.pl\/pl\/"},{"@type":"ListItem","position":2,"name":"G\u0142\u00f3wny"}]},{"@type":"WebSite","@id":"https:\/\/vivat-trading.pl\/pl\/#website","url":"https:\/\/vivat-trading.pl\/pl\/","name":"Vivat Trading","description":"Dystrybucja artyku\u0142\u00f3w biurowych i tekstylnych","publisher":{"@id":"https:\/\/vivat-trading.pl\/pl\/#organization"},"potentialAction":[{"@type":"SearchAction","target":{"@type":"EntryPoint","urlTemplate":"https:\/\/vivat-trading.pl\/pl\/?s={search_term_string}"},"query-input":{"@type":"PropertyValueSpecification","valueRequired":true,"valueName":"search_term_string"}}],"inLanguage":"pl-PL"},{"@type":"Organization","@id":"https:\/\/vivat-trading.pl\/pl\/#organization","name":"Vivat Trading","url":"https:\/\/vivat-trading.pl\/pl\/","logo":{"@type":"ImageObject","inLanguage":"pl-PL","@id":"https:\/\/vivat-trading.pl\/pl\/#\/schema\/logo\/image\/","url":"https:\/\/new.axentgroup.pl\/wp-content\/uploads\/2023\/01\/logo-axent-group.svg","contentUrl":"https:\/\/new.axentgroup.pl\/wp-content\/uploads\/2023\/01\/logo-axent-group.svg","width":223,"height":37,"caption":"Vivat Trading"},"image":{"@id":"https:\/\/vivat-trading.pl\/pl\/#\/schema\/logo\/image\/"}}]}},"_links":{"self":[{"href":"https:\/\/vivat-trading.pl\/pl\/wp-json\/wp\/v2\/pages\/4512","targetHints":{"allow":["GET"]}}],"collection":[{"href":"https:\/\/vivat-trading.pl\/pl\/wp-json\/wp\/v2\/pages"}],"about":[{"href":"https:\/\/vivat-trading.pl\/pl\/wp-json\/wp\/v2\/types\/page"}],"author":[{"embeddable":true,"href":"https:\/\/vivat-trading.pl\/pl\/wp-json\/wp\/v2\/users\/1"}],"replies":[{"embeddable":true,"href":"https:\/\/vivat-trading.pl\/pl\/wp-json\/wp\/v2\/comments?post=4512"}],"version-history":[{"count":39,"href":"https:\/\/vivat-trading.pl\/pl\/wp-json\/wp\/v2\/pages\/4512\/revisions"}],"predecessor-version":[{"id":5839,"href":"https:\/\/vivat-trading.pl\/pl\/wp-json\/wp\/v2\/pages\/4512\/revisions\/5839"}],"wp:attachment":[{"href":"https:\/\/vivat-trading.pl\/pl\/wp-json\/wp\/v2\/media?parent=4512"}],"curies":[{"name":"wp","href":"https:\/\/api.w.org\/{rel}","templated":true}]}}