{"id":5204,"date":"2023-02-08T18:00:27","date_gmt":"2023-02-08T15:00:27","guid":{"rendered":"https:\/\/new.axentgroup.pl\/o-nas\/"},"modified":"2024-09-30T12:54:35","modified_gmt":"2024-09-30T09:54:35","slug":"o-nas-2","status":"publish","type":"page","link":"https:\/\/vivat-trading.pl\/pl\/o-nas-2\/","title":{"rendered":"O nas"},"content":{"rendered":"\n<p>Jeste\u015bmy polskim przedstawicielstwem <strong>Vivat Trading Ukraine<\/strong>, odnosz\u0105cej sukcesy firmy handlowej z wieloletnim do\u015bwiadczeniem na rynku artyku\u0142\u00f3w papierniczych.<\/p>\n\n\n\n<p>Od 1992 roku <strong>Vivat Trading<\/strong> aktywnie rozwija bran\u017c\u0119 papiernicz\u0105, wsp\u00f3\u0142pracuj\u0105c z najbardziej znanymi \u015bwiatowymi markami i licencjodawcami. Nasza firma ma owocn\u0105 i bogat\u0105 histori\u0119, z kt\u00f3rej jeste\u015bmy dumni.<\/p>\n\n\n\n<p><strong>Firma Vivat<\/strong> przesz\u0142a d\u0142ug\u0105 drog\u0119 od wiod\u0105cego dystrybutora do flagowego producenta i jednego z najwi\u0119kszych dostawc\u00f3w produkt\u00f3w biurowych. Dzi\u015b Vivat Trading Ukraine wyznacza trendy w bran\u017cy artyku\u0142\u00f3w papierniczych. Nasze produkty s\u0105 dost\u0119pne w niemal ka\u017cdym ukrai\u0144skim domu i biurze.<\/p>\n\n\n\n<p>Nadal dynamicznie rozwijamy si\u0119 w wielu kierunkach, zdobywamy nowe szczyty i otwieramy nowe strony.<\/p>\n\n\n\n<p>Nasz\u0105 prac\u0105 i pasj\u0105 jest \u015bwiat artyku\u0142\u00f3w papierniczych i tekstylnych dla edukacji, kreatywno\u015bci i biura. Mamy bogate do\u015bwiadczenie zawodowe i wiele najlepszych praktyk. Cieszymy si\u0119 r\u00f3wnie\u017c dobr\u0105 reputacj\u0105 w\u015br\u00f3d naszych klient\u00f3w i partner\u00f3w.<\/p>\n\n\n\n<p>Jeste\u015bmy przekonani, \u017ce mamy ze sob\u0105 wiele wsp\u00f3lnego. Liczymy na owocn\u0105 wsp\u00f3\u0142prac\u0119! W ko\u0144cu mamy wiele do zaoferowania: szerok\u0105 gam\u0119 produkt\u00f3w, wysoki poziom us\u0142ug, wsp\u00f3\u0142prac\u0119 z najpopularniejszymi markami i przestrzeganie najwy\u017cszych standard\u00f3w zawodowych.<\/p>\n","protected":false},"excerpt":{"rendered":"<p>Jeste\u015bmy polskim przedstawicielstwem Vivat Trading Ukraine, odnosz\u0105cej sukcesy firmy handlowej z wieloletnim do\u015bwiadczeniem na rynku artyku\u0142\u00f3w papierniczych. Od 1992 roku Vivat Trading aktywnie rozwija bran\u017c\u0119 papiernicz\u0105, wsp\u00f3\u0142pracuj\u0105c z najbardziej znanymi \u015bwiatowymi markami i licencjodawcami. Nasza firma ma owocn\u0105 i bogat\u0105 histori\u0119, z kt\u00f3rej jeste\u015bmy dumni. Firma Vivat przesz\u0142a d\u0142ug\u0105 drog\u0119 od wiod\u0105cego dystrybutora do flagowego [&hellip;]<\/p>\n","protected":false},"author":1,"featured_media":0,"parent":0,"menu_order":0,"comment_status":"closed","ping_status":"closed","template":"page-about.php","meta":{"footnotes":""},"class_list":["post-5204","page","type-page","status-publish","hentry"],"yoast_head":"<!-- This site is optimized with the Yoast SEO Premium plugin v18.6 (Yoast SEO v25.2) - https:\/\/yoast.com\/wordpress\/plugins\/seo\/ -->\n<title>Vivat Trading - O firmie<\/title>\n<meta name=\"description\" content=\"Firma Vivat Trading jest dystrybutorem artyku\u0142\u00f3w papierniczych dla szko\u0142y i biura. Od 1992 roku Vivat Trading aktywnie rozwija bran\u017c\u0119 papiernicz\u0105, wsp\u00f3\u0142pracuj\u0105c z najbardziej znanymi \u015bwiatowymi markami i licencjodawcami. Nasza firma ma owocn\u0105 i bogat\u0105 histori\u0119, z kt\u00f3rej jeste\u015bmy dumni.\" \/>\n<meta name=\"robots\" content=\"index, follow, max-snippet:-1, max-image-preview:large, max-video-preview:-1\" \/>\n<link rel=\"canonical\" href=\"https:\/\/vivat-trading.pl\/pl\/o-nas-2\/\" \/>\n<meta property=\"og:locale\" content=\"pl_PL\" \/>\n<meta property=\"og:type\" content=\"article\" \/>\n<meta property=\"og:title\" content=\"O nas\" \/>\n<meta property=\"og:description\" content=\"Firma Vivat Trading jest dystrybutorem artyku\u0142\u00f3w papierniczych dla szko\u0142y i biura. Od 1992 roku Vivat Trading aktywnie rozwija bran\u017c\u0119 papiernicz\u0105, wsp\u00f3\u0142pracuj\u0105c z najbardziej znanymi \u015bwiatowymi markami i licencjodawcami. Nasza firma ma owocn\u0105 i bogat\u0105 histori\u0119, z kt\u00f3rej jeste\u015bmy dumni.\" \/>\n<meta property=\"og:url\" content=\"https:\/\/vivat-trading.pl\/pl\/o-nas-2\/\" \/>\n<meta property=\"og:site_name\" content=\"Vivat Trading\" \/>\n<meta property=\"article:modified_time\" content=\"2024-09-30T09:54:35+00:00\" \/>\n<meta name=\"twitter:card\" content=\"summary_large_image\" \/>\n<meta name=\"twitter:label1\" content=\"Szacowany czas czytania\" \/>\n\t<meta name=\"twitter:data1\" content=\"1 minuta\" \/>\n<script type=\"application\/ld+json\" class=\"yoast-schema-graph\">{\"@context\":\"https:\/\/schema.org\",\"@graph\":[{\"@type\":\"WebPage\",\"@id\":\"https:\/\/vivat-trading.pl\/pl\/o-nas-2\/\",\"url\":\"https:\/\/vivat-trading.pl\/pl\/o-nas-2\/\",\"name\":\"Vivat Trading - O firmie\",\"isPartOf\":{\"@id\":\"https:\/\/vivat-trading.pl\/pl\/#website\"},\"datePublished\":\"2023-02-08T15:00:27+00:00\",\"dateModified\":\"2024-09-30T09:54:35+00:00\",\"description\":\"Firma Vivat Trading jest dystrybutorem artyku\u0142\u00f3w papierniczych dla szko\u0142y i biura. Od 1992 roku Vivat Trading aktywnie rozwija bran\u017c\u0119 papiernicz\u0105, wsp\u00f3\u0142pracuj\u0105c z najbardziej znanymi \u015bwiatowymi markami i licencjodawcami. Nasza firma ma owocn\u0105 i bogat\u0105 histori\u0119, z kt\u00f3rej jeste\u015bmy dumni.\",\"breadcrumb\":{\"@id\":\"https:\/\/vivat-trading.pl\/pl\/o-nas-2\/#breadcrumb\"},\"inLanguage\":\"pl-PL\",\"potentialAction\":[{\"@type\":\"ReadAction\",\"target\":[\"https:\/\/vivat-trading.pl\/pl\/o-nas-2\/\"]}]},{\"@type\":\"BreadcrumbList\",\"@id\":\"https:\/\/vivat-trading.pl\/pl\/o-nas-2\/#breadcrumb\",\"itemListElement\":[{\"@type\":\"ListItem\",\"position\":1,\"name\":\"G\u0142\u00f3wny\",\"item\":\"https:\/\/vivat-trading.pl\/pl\/\"},{\"@type\":\"ListItem\",\"position\":2,\"name\":\"O nas\"}]},{\"@type\":\"WebSite\",\"@id\":\"https:\/\/vivat-trading.pl\/pl\/#website\",\"url\":\"https:\/\/vivat-trading.pl\/pl\/\",\"name\":\"Vivat Trading\",\"description\":\"Dystrybucja artyku\u0142\u00f3w biurowych i tekstylnych\",\"publisher\":{\"@id\":\"https:\/\/vivat-trading.pl\/pl\/#organization\"},\"potentialAction\":[{\"@type\":\"SearchAction\",\"target\":{\"@type\":\"EntryPoint\",\"urlTemplate\":\"https:\/\/vivat-trading.pl\/pl\/?s={search_term_string}\"},\"query-input\":{\"@type\":\"PropertyValueSpecification\",\"valueRequired\":true,\"valueName\":\"search_term_string\"}}],\"inLanguage\":\"pl-PL\"},{\"@type\":\"Organization\",\"@id\":\"https:\/\/vivat-trading.pl\/pl\/#organization\",\"name\":\"Vivat Trading\",\"url\":\"https:\/\/vivat-trading.pl\/pl\/\",\"logo\":{\"@type\":\"ImageObject\",\"inLanguage\":\"pl-PL\",\"@id\":\"https:\/\/vivat-trading.pl\/pl\/#\/schema\/logo\/image\/\",\"url\":\"https:\/\/new.axentgroup.pl\/wp-content\/uploads\/2023\/01\/logo-axent-group.svg\",\"contentUrl\":\"https:\/\/new.axentgroup.pl\/wp-content\/uploads\/2023\/01\/logo-axent-group.svg\",\"width\":223,\"height\":37,\"caption\":\"Vivat Trading\"},\"image\":{\"@id\":\"https:\/\/vivat-trading.pl\/pl\/#\/schema\/logo\/image\/\"}}]}<\/script>\n<!-- \/ Yoast SEO Premium plugin. -->","yoast_head_json":{"title":"Vivat Trading - O firmie","description":"Firma Vivat Trading jest dystrybutorem artyku\u0142\u00f3w papierniczych dla szko\u0142y i biura. Od 1992 roku Vivat Trading aktywnie rozwija bran\u017c\u0119 papiernicz\u0105, wsp\u00f3\u0142pracuj\u0105c z najbardziej znanymi \u015bwiatowymi markami i licencjodawcami. Nasza firma ma owocn\u0105 i bogat\u0105 histori\u0119, z kt\u00f3rej jeste\u015bmy dumni.","robots":{"index":"index","follow":"follow","max-snippet":"max-snippet:-1","max-image-preview":"max-image-preview:large","max-video-preview":"max-video-preview:-1"},"canonical":"https:\/\/vivat-trading.pl\/pl\/o-nas-2\/","og_locale":"pl_PL","og_type":"article","og_title":"O nas","og_description":"Firma Vivat Trading jest dystrybutorem artyku\u0142\u00f3w papierniczych dla szko\u0142y i biura. Od 1992 roku Vivat Trading aktywnie rozwija bran\u017c\u0119 papiernicz\u0105, wsp\u00f3\u0142pracuj\u0105c z najbardziej znanymi \u015bwiatowymi markami i licencjodawcami. Nasza firma ma owocn\u0105 i bogat\u0105 histori\u0119, z kt\u00f3rej jeste\u015bmy dumni.","og_url":"https:\/\/vivat-trading.pl\/pl\/o-nas-2\/","og_site_name":"Vivat Trading","article_modified_time":"2024-09-30T09:54:35+00:00","twitter_card":"summary_large_image","twitter_misc":{"Szacowany czas czytania":"1 minuta"},"schema":{"@context":"https:\/\/schema.org","@graph":[{"@type":"WebPage","@id":"https:\/\/vivat-trading.pl\/pl\/o-nas-2\/","url":"https:\/\/vivat-trading.pl\/pl\/o-nas-2\/","name":"Vivat Trading - O firmie","isPartOf":{"@id":"https:\/\/vivat-trading.pl\/pl\/#website"},"datePublished":"2023-02-08T15:00:27+00:00","dateModified":"2024-09-30T09:54:35+00:00","description":"Firma Vivat Trading jest dystrybutorem artyku\u0142\u00f3w papierniczych dla szko\u0142y i biura. Od 1992 roku Vivat Trading aktywnie rozwija bran\u017c\u0119 papiernicz\u0105, wsp\u00f3\u0142pracuj\u0105c z najbardziej znanymi \u015bwiatowymi markami i licencjodawcami. Nasza firma ma owocn\u0105 i bogat\u0105 histori\u0119, z kt\u00f3rej jeste\u015bmy dumni.","breadcrumb":{"@id":"https:\/\/vivat-trading.pl\/pl\/o-nas-2\/#breadcrumb"},"inLanguage":"pl-PL","potentialAction":[{"@type":"ReadAction","target":["https:\/\/vivat-trading.pl\/pl\/o-nas-2\/"]}]},{"@type":"BreadcrumbList","@id":"https:\/\/vivat-trading.pl\/pl\/o-nas-2\/#breadcrumb","itemListElement":[{"@type":"ListItem","position":1,"name":"G\u0142\u00f3wny","item":"https:\/\/vivat-trading.pl\/pl\/"},{"@type":"ListItem","position":2,"name":"O nas"}]},{"@type":"WebSite","@id":"https:\/\/vivat-trading.pl\/pl\/#website","url":"https:\/\/vivat-trading.pl\/pl\/","name":"Vivat Trading","description":"Dystrybucja artyku\u0142\u00f3w biurowych i tekstylnych","publisher":{"@id":"https:\/\/vivat-trading.pl\/pl\/#organization"},"potentialAction":[{"@type":"SearchAction","target":{"@type":"EntryPoint","urlTemplate":"https:\/\/vivat-trading.pl\/pl\/?s={search_term_string}"},"query-input":{"@type":"PropertyValueSpecification","valueRequired":true,"valueName":"search_term_string"}}],"inLanguage":"pl-PL"},{"@type":"Organization","@id":"https:\/\/vivat-trading.pl\/pl\/#organization","name":"Vivat Trading","url":"https:\/\/vivat-trading.pl\/pl\/","logo":{"@type":"ImageObject","inLanguage":"pl-PL","@id":"https:\/\/vivat-trading.pl\/pl\/#\/schema\/logo\/image\/","url":"https:\/\/new.axentgroup.pl\/wp-content\/uploads\/2023\/01\/logo-axent-group.svg","contentUrl":"https:\/\/new.axentgroup.pl\/wp-content\/uploads\/2023\/01\/logo-axent-group.svg","width":223,"height":37,"caption":"Vivat Trading"},"image":{"@id":"https:\/\/vivat-trading.pl\/pl\/#\/schema\/logo\/image\/"}}]}},"_links":{"self":[{"href":"https:\/\/vivat-trading.pl\/pl\/wp-json\/wp\/v2\/pages\/5204","targetHints":{"allow":["GET"]}}],"collection":[{"href":"https:\/\/vivat-trading.pl\/pl\/wp-json\/wp\/v2\/pages"}],"about":[{"href":"https:\/\/vivat-trading.pl\/pl\/wp-json\/wp\/v2\/types\/page"}],"author":[{"embeddable":true,"href":"https:\/\/vivat-trading.pl\/pl\/wp-json\/wp\/v2\/users\/1"}],"replies":[{"embeddable":true,"href":"https:\/\/vivat-trading.pl\/pl\/wp-json\/wp\/v2\/comments?post=5204"}],"version-history":[{"count":14,"href":"https:\/\/vivat-trading.pl\/pl\/wp-json\/wp\/v2\/pages\/5204\/revisions"}],"predecessor-version":[{"id":5828,"href":"https:\/\/vivat-trading.pl\/pl\/wp-json\/wp\/v2\/pages\/5204\/revisions\/5828"}],"wp:attachment":[{"href":"https:\/\/vivat-trading.pl\/pl\/wp-json\/wp\/v2\/media?parent=5204"}],"curies":[{"name":"wp","href":"https:\/\/api.w.org\/{rel}","templated":true}]}}