{"id":5212,"date":"2023-02-08T18:03:54","date_gmt":"2023-02-08T15:03:54","guid":{"rendered":"https:\/\/new.axentgroup.pl\/umovi-vikoristannya-sajtu\/"},"modified":"2023-06-22T10:06:12","modified_gmt":"2023-06-22T07:06:12","slug":"umovi-vikoristannya-sajtu","status":"publish","type":"page","link":"https:\/\/vivat-trading.pl\/pl\/umovi-vikoristannya-sajtu\/","title":{"rendered":"Warunki korzystania ze strony internetowej"},"content":{"rendered":"\n<p><strong>Prosimy o uwa\u017cne zapoznanie si\u0119 z przedstawionymi poni\u017cej warunkami korzystania z niniejszej strony internetowej. Je\u015bli nie zgadzasz si\u0119, nie korzystaj z tej strony.<\/strong><\/p>\n\n\n\n<p><strong>Korzystania ze strony internetowej VIVAT-TRADING.PL<\/strong><\/p>\n\n\n\n<p>Strona internetowa vivat-trading.pl (dalej \u201eVivat Trading\u201d) umo\u017cliwia przegl\u0105danie i pobieranie materia\u0142\u00f3w z tej strony internetowej (zwanej dalej \u201eStron\u0105\u201d) wy\u0142\u0105cznie do osobistego, niekomercyjnego u\u017cytku, pod warunkiem zachowania wszystkich informacji o prawach autorskich i innych informacji o prawie w\u0142asno\u015bci zawartych w materia\u0142ach \u017ar\u00f3d\u0142owych i wszelkich ich kopiach.<\/p>\n\n\n\n<p>Zabrania si\u0119 modyfikowania materia\u0142\u00f3w zawartych na tej Stronie, a tak\u017ce rozpowszechniania lub wy\u015bwietlania ich w jakiejkolwiek formie lub wykorzystywania ich w jakikolwiek inny spos\u00f3b do cel\u00f3w publicznych lub komercyjnych. Jakiekolwiek wykorzystanie tych materia\u0142\u00f3w na innych stronach lub w sieciach jest zabronione.<\/p>\n\n\n\n<p><strong>Ograniczenie odpowiedzialno\u015bci<\/strong><\/p>\n\n\n\n<p>Materia\u0142y i us\u0142ugi zamieszczone na tej stronie s\u0105 dostarczane \u201etak jak s\u0105\u201d bez \u017cadnych gwarancji. Vivat Trading mo\u017ce w dowolnym czasie i bez uprzedzenia wprowadza\u0107 zmiany w materia\u0142ach i us\u0142ugach udost\u0119pnianych na tej Stronie, jak r\u00f3wnie\u017c w produktach tam wymienionych. W przypadku nieaktualnych materia\u0142\u00f3w i us\u0142ug na tej Stronie Vivat Trading nie jest zobowi\u0105zany do ich aktualizacji.<\/p>\n\n\n\n<p>Vivat Trading w \u017cadnym wypadku nie ponosi odpowiedzialno\u015bci za jakiekolwiek szkody (w tym mi\u0119dzy innymi utrat\u0119 zysk\u00f3w, danych lub przerwy w dzia\u0142alno\u015bci) poniesione w wyniku korzystania, niemo\u017cno\u015bci korzystania lub wynik\u00f3w korzystania z tej Witryny.<\/p>\n\n\n\n<p><strong>Kontakt ze sprzedaj\u0105cym i komentarze<\/strong><\/p>\n\n\n\n<p>Kontaktuj\u0105c si\u0119 z nami lub zostawiaj\u0105c komentarze na stronie, jeste\u015b odpowiedzialny za to, aby ta wiadomo\u015b\u0107 nie by\u0142a nielegalna, szkodliwa, zawieraj\u0105ca gro\u017aby, znies\u0142awiaj\u0105ca, obra\u017caj\u0105ca moralno\u015b\u0107, naruszaj\u0105ca prawa autorskie, promuj\u0105ca nienawi\u015b\u0107 i\/lub dyskryminacj\u0119 os\u00f3b ze wzgl\u0119du na ras\u0119, pochodzenie etniczne, p\u0142e\u0107, religi\u0119, znaki spo\u0142eczno\u015bciowe, zawieraj\u0105 zniewag\u0119 dla okre\u015blonych os\u00f3b lub organizacji, a tak\u017ce w jakikolwiek inny spos\u00f3b naruszaj\u0105 obowi\u0105zuj\u0105ce ustawodawstwo The Republic of Poland.<\/p>\n\n\n\n<p>Zgadzasz si\u0119, \u017ce wszelkie Twoje wiadomo\u015bci mog\u0105 zosta\u0107 usuni\u0119te przez Vivat Trading bez Twojej zgody i mog\u0105 by\u0107 wykorzystywane wed\u0142ug w\u0142asnego uznania bez op\u0142at. Vivat Trading nie ponosi odpowiedzialno\u015bci za jakiekolwiek informacje zamieszczane przez u\u017cytkownik\u00f3w Strony.<\/p>\n\n\n\n<p><strong>U\u017cycie danych osobowych<\/strong><\/p>\n\n\n\n<p>U\u017cywamy r\u00f3\u017cnych technologii do zbierania i przechowywania informacji, gdy odwiedzasz Stron\u0119 Vivat Trading. Mo\u017ce to obejmowa\u0107 zapisywanie jednego lub wi\u0119cej plik\u00f3w cookie lub anonimowych identyfikator\u00f3w. U\u017cywamy r\u00f3wnie\u017c plik\u00f3w cookie i anonimowych identyfikator\u00f3w podczas interakcji z us\u0142ugami oferowanymi przez naszych partner\u00f3w, takimi jak na przyk\u0142ad us\u0142ugi reklamowe, kt\u00f3re mog\u0105 pojawia\u0107 si\u0119 na innych stronach.<\/p>\n","protected":false},"excerpt":{"rendered":"<p>Prosimy o uwa\u017cne zapoznanie si\u0119 z przedstawionymi poni\u017cej warunkami korzystania z niniejszej strony internetowej. Je\u015bli nie zgadzasz si\u0119, nie korzystaj z tej strony. Korzystania ze strony internetowej VIVAT-TRADING.PL Strona internetowa vivat-trading.pl (dalej \u201eVivat Trading\u201d) umo\u017cliwia przegl\u0105danie i pobieranie materia\u0142\u00f3w z tej strony internetowej (zwanej dalej \u201eStron\u0105\u201d) wy\u0142\u0105cznie do osobistego, niekomercyjnego u\u017cytku, pod warunkiem zachowania wszystkich [&hellip;]<\/p>\n","protected":false},"author":1,"featured_media":0,"parent":0,"menu_order":0,"comment_status":"closed","ping_status":"closed","template":"","meta":{"footnotes":""},"class_list":["post-5212","page","type-page","status-publish","hentry"],"yoast_head":"<!-- This site is optimized with the Yoast SEO Premium plugin v18.6 (Yoast SEO v25.2) - https:\/\/yoast.com\/wordpress\/plugins\/seo\/ -->\n<title>Warunki korzystania ze strony internetowej Vivat Trading<\/title>\n<meta name=\"description\" content=\"Przed obejrzeniem Vivat Trading dok\u0142adnie zapoznaj si\u0119 z warunkami jej u\u017cytkowania. Je\u015bli nie zgadzasz si\u0119 z tymi warunkami, nie korzystaj z tej witryny.\" \/>\n<meta name=\"robots\" content=\"index, follow, max-snippet:-1, max-image-preview:large, max-video-preview:-1\" \/>\n<link rel=\"canonical\" href=\"https:\/\/vivat-trading.pl\/pl\/umovi-vikoristannya-sajtu\/\" \/>\n<meta property=\"og:locale\" content=\"pl_PL\" \/>\n<meta property=\"og:type\" content=\"article\" \/>\n<meta property=\"og:title\" content=\"Warunki korzystania ze strony internetowej\" \/>\n<meta property=\"og:description\" content=\"Przed obejrzeniem Vivat Trading dok\u0142adnie zapoznaj si\u0119 z warunkami jej u\u017cytkowania. Je\u015bli nie zgadzasz si\u0119 z tymi warunkami, nie korzystaj z tej witryny.\" \/>\n<meta property=\"og:url\" content=\"https:\/\/vivat-trading.pl\/pl\/umovi-vikoristannya-sajtu\/\" \/>\n<meta property=\"og:site_name\" content=\"Vivat Trading\" \/>\n<meta property=\"article:modified_time\" content=\"2023-06-22T07:06:12+00:00\" \/>\n<meta name=\"twitter:card\" content=\"summary_large_image\" \/>\n<meta name=\"twitter:label1\" content=\"Szacowany czas czytania\" \/>\n\t<meta name=\"twitter:data1\" content=\"3 minuty\" \/>\n<script type=\"application\/ld+json\" class=\"yoast-schema-graph\">{\"@context\":\"https:\/\/schema.org\",\"@graph\":[{\"@type\":\"WebPage\",\"@id\":\"https:\/\/vivat-trading.pl\/pl\/umovi-vikoristannya-sajtu\/\",\"url\":\"https:\/\/vivat-trading.pl\/pl\/umovi-vikoristannya-sajtu\/\",\"name\":\"Warunki korzystania ze strony internetowej Vivat Trading\",\"isPartOf\":{\"@id\":\"https:\/\/vivat-trading.pl\/pl\/#website\"},\"datePublished\":\"2023-02-08T15:03:54+00:00\",\"dateModified\":\"2023-06-22T07:06:12+00:00\",\"description\":\"Przed obejrzeniem Vivat Trading dok\u0142adnie zapoznaj si\u0119 z warunkami jej u\u017cytkowania. Je\u015bli nie zgadzasz si\u0119 z tymi warunkami, nie korzystaj z tej witryny.\",\"breadcrumb\":{\"@id\":\"https:\/\/vivat-trading.pl\/pl\/umovi-vikoristannya-sajtu\/#breadcrumb\"},\"inLanguage\":\"pl-PL\",\"potentialAction\":[{\"@type\":\"ReadAction\",\"target\":[\"https:\/\/vivat-trading.pl\/pl\/umovi-vikoristannya-sajtu\/\"]}]},{\"@type\":\"BreadcrumbList\",\"@id\":\"https:\/\/vivat-trading.pl\/pl\/umovi-vikoristannya-sajtu\/#breadcrumb\",\"itemListElement\":[{\"@type\":\"ListItem\",\"position\":1,\"name\":\"G\u0142\u00f3wny\",\"item\":\"https:\/\/vivat-trading.pl\/pl\/\"},{\"@type\":\"ListItem\",\"position\":2,\"name\":\"Warunki korzystania ze strony internetowej\"}]},{\"@type\":\"WebSite\",\"@id\":\"https:\/\/vivat-trading.pl\/pl\/#website\",\"url\":\"https:\/\/vivat-trading.pl\/pl\/\",\"name\":\"Vivat Trading\",\"description\":\"Dystrybucja artyku\u0142\u00f3w biurowych i tekstylnych\",\"publisher\":{\"@id\":\"https:\/\/vivat-trading.pl\/pl\/#organization\"},\"potentialAction\":[{\"@type\":\"SearchAction\",\"target\":{\"@type\":\"EntryPoint\",\"urlTemplate\":\"https:\/\/vivat-trading.pl\/pl\/?s={search_term_string}\"},\"query-input\":{\"@type\":\"PropertyValueSpecification\",\"valueRequired\":true,\"valueName\":\"search_term_string\"}}],\"inLanguage\":\"pl-PL\"},{\"@type\":\"Organization\",\"@id\":\"https:\/\/vivat-trading.pl\/pl\/#organization\",\"name\":\"Vivat Trading\",\"url\":\"https:\/\/vivat-trading.pl\/pl\/\",\"logo\":{\"@type\":\"ImageObject\",\"inLanguage\":\"pl-PL\",\"@id\":\"https:\/\/vivat-trading.pl\/pl\/#\/schema\/logo\/image\/\",\"url\":\"https:\/\/new.axentgroup.pl\/wp-content\/uploads\/2023\/01\/logo-axent-group.svg\",\"contentUrl\":\"https:\/\/new.axentgroup.pl\/wp-content\/uploads\/2023\/01\/logo-axent-group.svg\",\"width\":223,\"height\":37,\"caption\":\"Vivat Trading\"},\"image\":{\"@id\":\"https:\/\/vivat-trading.pl\/pl\/#\/schema\/logo\/image\/\"}}]}<\/script>\n<!-- \/ Yoast SEO Premium plugin. -->","yoast_head_json":{"title":"Warunki korzystania ze strony internetowej Vivat Trading","description":"Przed obejrzeniem Vivat Trading dok\u0142adnie zapoznaj si\u0119 z warunkami jej u\u017cytkowania. Je\u015bli nie zgadzasz si\u0119 z tymi warunkami, nie korzystaj z tej witryny.","robots":{"index":"index","follow":"follow","max-snippet":"max-snippet:-1","max-image-preview":"max-image-preview:large","max-video-preview":"max-video-preview:-1"},"canonical":"https:\/\/vivat-trading.pl\/pl\/umovi-vikoristannya-sajtu\/","og_locale":"pl_PL","og_type":"article","og_title":"Warunki korzystania ze strony internetowej","og_description":"Przed obejrzeniem Vivat Trading dok\u0142adnie zapoznaj si\u0119 z warunkami jej u\u017cytkowania. Je\u015bli nie zgadzasz si\u0119 z tymi warunkami, nie korzystaj z tej witryny.","og_url":"https:\/\/vivat-trading.pl\/pl\/umovi-vikoristannya-sajtu\/","og_site_name":"Vivat Trading","article_modified_time":"2023-06-22T07:06:12+00:00","twitter_card":"summary_large_image","twitter_misc":{"Szacowany czas czytania":"3 minuty"},"schema":{"@context":"https:\/\/schema.org","@graph":[{"@type":"WebPage","@id":"https:\/\/vivat-trading.pl\/pl\/umovi-vikoristannya-sajtu\/","url":"https:\/\/vivat-trading.pl\/pl\/umovi-vikoristannya-sajtu\/","name":"Warunki korzystania ze strony internetowej Vivat Trading","isPartOf":{"@id":"https:\/\/vivat-trading.pl\/pl\/#website"},"datePublished":"2023-02-08T15:03:54+00:00","dateModified":"2023-06-22T07:06:12+00:00","description":"Przed obejrzeniem Vivat Trading dok\u0142adnie zapoznaj si\u0119 z warunkami jej u\u017cytkowania. Je\u015bli nie zgadzasz si\u0119 z tymi warunkami, nie korzystaj z tej witryny.","breadcrumb":{"@id":"https:\/\/vivat-trading.pl\/pl\/umovi-vikoristannya-sajtu\/#breadcrumb"},"inLanguage":"pl-PL","potentialAction":[{"@type":"ReadAction","target":["https:\/\/vivat-trading.pl\/pl\/umovi-vikoristannya-sajtu\/"]}]},{"@type":"BreadcrumbList","@id":"https:\/\/vivat-trading.pl\/pl\/umovi-vikoristannya-sajtu\/#breadcrumb","itemListElement":[{"@type":"ListItem","position":1,"name":"G\u0142\u00f3wny","item":"https:\/\/vivat-trading.pl\/pl\/"},{"@type":"ListItem","position":2,"name":"Warunki korzystania ze strony internetowej"}]},{"@type":"WebSite","@id":"https:\/\/vivat-trading.pl\/pl\/#website","url":"https:\/\/vivat-trading.pl\/pl\/","name":"Vivat Trading","description":"Dystrybucja artyku\u0142\u00f3w biurowych i tekstylnych","publisher":{"@id":"https:\/\/vivat-trading.pl\/pl\/#organization"},"potentialAction":[{"@type":"SearchAction","target":{"@type":"EntryPoint","urlTemplate":"https:\/\/vivat-trading.pl\/pl\/?s={search_term_string}"},"query-input":{"@type":"PropertyValueSpecification","valueRequired":true,"valueName":"search_term_string"}}],"inLanguage":"pl-PL"},{"@type":"Organization","@id":"https:\/\/vivat-trading.pl\/pl\/#organization","name":"Vivat Trading","url":"https:\/\/vivat-trading.pl\/pl\/","logo":{"@type":"ImageObject","inLanguage":"pl-PL","@id":"https:\/\/vivat-trading.pl\/pl\/#\/schema\/logo\/image\/","url":"https:\/\/new.axentgroup.pl\/wp-content\/uploads\/2023\/01\/logo-axent-group.svg","contentUrl":"https:\/\/new.axentgroup.pl\/wp-content\/uploads\/2023\/01\/logo-axent-group.svg","width":223,"height":37,"caption":"Vivat Trading"},"image":{"@id":"https:\/\/vivat-trading.pl\/pl\/#\/schema\/logo\/image\/"}}]}},"_links":{"self":[{"href":"https:\/\/vivat-trading.pl\/pl\/wp-json\/wp\/v2\/pages\/5212","targetHints":{"allow":["GET"]}}],"collection":[{"href":"https:\/\/vivat-trading.pl\/pl\/wp-json\/wp\/v2\/pages"}],"about":[{"href":"https:\/\/vivat-trading.pl\/pl\/wp-json\/wp\/v2\/types\/page"}],"author":[{"embeddable":true,"href":"https:\/\/vivat-trading.pl\/pl\/wp-json\/wp\/v2\/users\/1"}],"replies":[{"embeddable":true,"href":"https:\/\/vivat-trading.pl\/pl\/wp-json\/wp\/v2\/comments?post=5212"}],"version-history":[{"count":5,"href":"https:\/\/vivat-trading.pl\/pl\/wp-json\/wp\/v2\/pages\/5212\/revisions"}],"predecessor-version":[{"id":5652,"href":"https:\/\/vivat-trading.pl\/pl\/wp-json\/wp\/v2\/pages\/5212\/revisions\/5652"}],"wp:attachment":[{"href":"https:\/\/vivat-trading.pl\/pl\/wp-json\/wp\/v2\/media?parent=5212"}],"curies":[{"name":"wp","href":"https:\/\/api.w.org\/{rel}","templated":true}]}}