{"id":5404,"date":"2023-02-19T17:05:17","date_gmt":"2023-02-19T14:05:17","guid":{"rendered":"https:\/\/axentgroup.pl\/karta-sajtu\/"},"modified":"2023-02-20T10:40:02","modified_gmt":"2023-02-20T07:40:02","slug":"karta-sajtu","status":"publish","type":"page","link":"https:\/\/vivat-trading.pl\/pl\/karta-sajtu\/","title":{"rendered":"Mapa strony"},"content":{"rendered":"<ul><li><a href=\"https:\/\/vivat-trading.pl\/pl\/\">G\u0142\u00f3wny<\/a><\/li>\n<li><a href=\"https:\/\/vivat-trading.pl\/pl\/kontakti\/\">Kontakty<\/a><\/li>\n<li><a href=\"https:\/\/vivat-trading.pl\/pl\/o-nas-2\/\">O nas<\/a><\/li>\n<li><a href=\"https:\/\/vivat-trading.pl\/pl\/otrimati-prajs-list\/\">Pobierz cennik<\/a><\/li>\n<li><a href=\"https:\/\/vivat-trading.pl\/pl\/polityka-prywatnosci\/\">Polityka prywatno\u015bci<\/a><\/li>\n<li><a href=\"https:\/\/vivat-trading.pl\/pl\/umovi-vikoristannya-sajtu\/\">Warunki korzystania ze strony internetowej<\/a><\/li>\n<\/ul>\n\n\n<div id=\"simple-sitemap-container-69e1f88c7c433\" class=\"simple-sitemap-container simple-sitemap-container-69e1f88c7c433\"><div class=\"simple-sitemap-wrap marki\"><h3 class=\"term-tag\">Marki<\/h3><ul class=\"simple-sitemap-post main\"><li class=\"sitemap-item\"><a href=\"https:\/\/vivat-trading.pl\/pl\/pro-brend-axent\/\">Axent<\/a><\/li><li class=\"sitemap-item\"><a href=\"https:\/\/vivat-trading.pl\/pl\/pro-brend-gopack\/\">GoPack<\/a><\/li><li class=\"sitemap-item\"><a href=\"https:\/\/vivat-trading.pl\/pl\/pro-brend-kite\/\">Kite<\/a><\/li><\/ul><\/div><\/div><br style=\"clear: both\">\n\n\n<p><\/p>\n","protected":false},"excerpt":{"rendered":"","protected":false},"author":1,"featured_media":0,"parent":0,"menu_order":0,"comment_status":"closed","ping_status":"closed","template":"","meta":{"footnotes":""},"class_list":["post-5404","page","type-page","status-publish","hentry"],"yoast_head":"<!-- This site is optimized with the Yoast SEO Premium plugin v18.6 (Yoast SEO v25.2) - https:\/\/yoast.com\/wordpress\/plugins\/seo\/ -->\n<title>Mapa strony Axent Group<\/title>\n<meta name=\"description\" content=\"Firma Axent Group. Hurtownia plecak\u00f3w i artyku\u0142\u00f3w pi\u015bmienniczych \u015bwiatowych marek.\" \/>\n<meta name=\"robots\" content=\"index, follow, max-snippet:-1, max-image-preview:large, max-video-preview:-1\" \/>\n<link rel=\"canonical\" href=\"https:\/\/vivat-trading.pl\/pl\/karta-sajtu\/\" \/>\n<meta property=\"og:locale\" content=\"pl_PL\" \/>\n<meta property=\"og:type\" content=\"article\" \/>\n<meta property=\"og:title\" content=\"Mapa strony\" \/>\n<meta property=\"og:description\" content=\"Firma Axent Group. Hurtownia plecak\u00f3w i artyku\u0142\u00f3w pi\u015bmienniczych \u015bwiatowych marek.\" \/>\n<meta property=\"og:url\" content=\"https:\/\/vivat-trading.pl\/pl\/karta-sajtu\/\" \/>\n<meta property=\"og:site_name\" content=\"Vivat Trading\" \/>\n<meta property=\"article:modified_time\" content=\"2023-02-20T07:40:02+00:00\" \/>\n<meta name=\"twitter:card\" content=\"summary_large_image\" \/>\n<meta name=\"twitter:label1\" content=\"Szacowany czas czytania\" \/>\n\t<meta name=\"twitter:data1\" content=\"1 minuta\" \/>\n<script type=\"application\/ld+json\" class=\"yoast-schema-graph\">{\"@context\":\"https:\/\/schema.org\",\"@graph\":[{\"@type\":\"WebPage\",\"@id\":\"https:\/\/vivat-trading.pl\/pl\/karta-sajtu\/\",\"url\":\"https:\/\/vivat-trading.pl\/pl\/karta-sajtu\/\",\"name\":\"Mapa strony Axent Group\",\"isPartOf\":{\"@id\":\"https:\/\/vivat-trading.pl\/pl\/#website\"},\"datePublished\":\"2023-02-19T14:05:17+00:00\",\"dateModified\":\"2023-02-20T07:40:02+00:00\",\"description\":\"Firma Axent Group. Hurtownia plecak\u00f3w i artyku\u0142\u00f3w pi\u015bmienniczych \u015bwiatowych marek.\",\"breadcrumb\":{\"@id\":\"https:\/\/vivat-trading.pl\/pl\/karta-sajtu\/#breadcrumb\"},\"inLanguage\":\"pl-PL\",\"potentialAction\":[{\"@type\":\"ReadAction\",\"target\":[\"https:\/\/vivat-trading.pl\/pl\/karta-sajtu\/\"]}]},{\"@type\":\"BreadcrumbList\",\"@id\":\"https:\/\/vivat-trading.pl\/pl\/karta-sajtu\/#breadcrumb\",\"itemListElement\":[{\"@type\":\"ListItem\",\"position\":1,\"name\":\"G\u0142\u00f3wny\",\"item\":\"https:\/\/vivat-trading.pl\/pl\/\"},{\"@type\":\"ListItem\",\"position\":2,\"name\":\"Mapa strony\"}]},{\"@type\":\"WebSite\",\"@id\":\"https:\/\/vivat-trading.pl\/pl\/#website\",\"url\":\"https:\/\/vivat-trading.pl\/pl\/\",\"name\":\"Vivat Trading\",\"description\":\"Dystrybucja artyku\u0142\u00f3w biurowych i tekstylnych\",\"publisher\":{\"@id\":\"https:\/\/vivat-trading.pl\/pl\/#organization\"},\"potentialAction\":[{\"@type\":\"SearchAction\",\"target\":{\"@type\":\"EntryPoint\",\"urlTemplate\":\"https:\/\/vivat-trading.pl\/pl\/?s={search_term_string}\"},\"query-input\":{\"@type\":\"PropertyValueSpecification\",\"valueRequired\":true,\"valueName\":\"search_term_string\"}}],\"inLanguage\":\"pl-PL\"},{\"@type\":\"Organization\",\"@id\":\"https:\/\/vivat-trading.pl\/pl\/#organization\",\"name\":\"Vivat Trading\",\"url\":\"https:\/\/vivat-trading.pl\/pl\/\",\"logo\":{\"@type\":\"ImageObject\",\"inLanguage\":\"pl-PL\",\"@id\":\"https:\/\/vivat-trading.pl\/pl\/#\/schema\/logo\/image\/\",\"url\":\"https:\/\/new.axentgroup.pl\/wp-content\/uploads\/2023\/01\/logo-axent-group.svg\",\"contentUrl\":\"https:\/\/new.axentgroup.pl\/wp-content\/uploads\/2023\/01\/logo-axent-group.svg\",\"width\":223,\"height\":37,\"caption\":\"Vivat Trading\"},\"image\":{\"@id\":\"https:\/\/vivat-trading.pl\/pl\/#\/schema\/logo\/image\/\"}}]}<\/script>\n<!-- \/ Yoast SEO Premium plugin. -->","yoast_head_json":{"title":"Mapa strony Axent Group","description":"Firma Axent Group. Hurtownia plecak\u00f3w i artyku\u0142\u00f3w pi\u015bmienniczych \u015bwiatowych marek.","robots":{"index":"index","follow":"follow","max-snippet":"max-snippet:-1","max-image-preview":"max-image-preview:large","max-video-preview":"max-video-preview:-1"},"canonical":"https:\/\/vivat-trading.pl\/pl\/karta-sajtu\/","og_locale":"pl_PL","og_type":"article","og_title":"Mapa strony","og_description":"Firma Axent Group. Hurtownia plecak\u00f3w i artyku\u0142\u00f3w pi\u015bmienniczych \u015bwiatowych marek.","og_url":"https:\/\/vivat-trading.pl\/pl\/karta-sajtu\/","og_site_name":"Vivat Trading","article_modified_time":"2023-02-20T07:40:02+00:00","twitter_card":"summary_large_image","twitter_misc":{"Szacowany czas czytania":"1 minuta"},"schema":{"@context":"https:\/\/schema.org","@graph":[{"@type":"WebPage","@id":"https:\/\/vivat-trading.pl\/pl\/karta-sajtu\/","url":"https:\/\/vivat-trading.pl\/pl\/karta-sajtu\/","name":"Mapa strony Axent Group","isPartOf":{"@id":"https:\/\/vivat-trading.pl\/pl\/#website"},"datePublished":"2023-02-19T14:05:17+00:00","dateModified":"2023-02-20T07:40:02+00:00","description":"Firma Axent Group. Hurtownia plecak\u00f3w i artyku\u0142\u00f3w pi\u015bmienniczych \u015bwiatowych marek.","breadcrumb":{"@id":"https:\/\/vivat-trading.pl\/pl\/karta-sajtu\/#breadcrumb"},"inLanguage":"pl-PL","potentialAction":[{"@type":"ReadAction","target":["https:\/\/vivat-trading.pl\/pl\/karta-sajtu\/"]}]},{"@type":"BreadcrumbList","@id":"https:\/\/vivat-trading.pl\/pl\/karta-sajtu\/#breadcrumb","itemListElement":[{"@type":"ListItem","position":1,"name":"G\u0142\u00f3wny","item":"https:\/\/vivat-trading.pl\/pl\/"},{"@type":"ListItem","position":2,"name":"Mapa strony"}]},{"@type":"WebSite","@id":"https:\/\/vivat-trading.pl\/pl\/#website","url":"https:\/\/vivat-trading.pl\/pl\/","name":"Vivat Trading","description":"Dystrybucja artyku\u0142\u00f3w biurowych i tekstylnych","publisher":{"@id":"https:\/\/vivat-trading.pl\/pl\/#organization"},"potentialAction":[{"@type":"SearchAction","target":{"@type":"EntryPoint","urlTemplate":"https:\/\/vivat-trading.pl\/pl\/?s={search_term_string}"},"query-input":{"@type":"PropertyValueSpecification","valueRequired":true,"valueName":"search_term_string"}}],"inLanguage":"pl-PL"},{"@type":"Organization","@id":"https:\/\/vivat-trading.pl\/pl\/#organization","name":"Vivat Trading","url":"https:\/\/vivat-trading.pl\/pl\/","logo":{"@type":"ImageObject","inLanguage":"pl-PL","@id":"https:\/\/vivat-trading.pl\/pl\/#\/schema\/logo\/image\/","url":"https:\/\/new.axentgroup.pl\/wp-content\/uploads\/2023\/01\/logo-axent-group.svg","contentUrl":"https:\/\/new.axentgroup.pl\/wp-content\/uploads\/2023\/01\/logo-axent-group.svg","width":223,"height":37,"caption":"Vivat Trading"},"image":{"@id":"https:\/\/vivat-trading.pl\/pl\/#\/schema\/logo\/image\/"}}]}},"_links":{"self":[{"href":"https:\/\/vivat-trading.pl\/pl\/wp-json\/wp\/v2\/pages\/5404","targetHints":{"allow":["GET"]}}],"collection":[{"href":"https:\/\/vivat-trading.pl\/pl\/wp-json\/wp\/v2\/pages"}],"about":[{"href":"https:\/\/vivat-trading.pl\/pl\/wp-json\/wp\/v2\/types\/page"}],"author":[{"embeddable":true,"href":"https:\/\/vivat-trading.pl\/pl\/wp-json\/wp\/v2\/users\/1"}],"replies":[{"embeddable":true,"href":"https:\/\/vivat-trading.pl\/pl\/wp-json\/wp\/v2\/comments?post=5404"}],"version-history":[{"count":2,"href":"https:\/\/vivat-trading.pl\/pl\/wp-json\/wp\/v2\/pages\/5404\/revisions"}],"predecessor-version":[{"id":5417,"href":"https:\/\/vivat-trading.pl\/pl\/wp-json\/wp\/v2\/pages\/5404\/revisions\/5417"}],"wp:attachment":[{"href":"https:\/\/vivat-trading.pl\/pl\/wp-json\/wp\/v2\/media?parent=5404"}],"curies":[{"name":"wp","href":"https:\/\/api.w.org\/{rel}","templated":true}]}}