{"id":5408,"date":"2023-02-19T17:10:16","date_gmt":"2023-02-19T14:10:16","guid":{"rendered":"https:\/\/axentgroup.pl\/otrimati-prajs-list\/"},"modified":"2023-02-20T14:00:07","modified_gmt":"2023-02-20T11:00:07","slug":"otrimati-prajs-list","status":"publish","type":"page","link":"https:\/\/vivat-trading.pl\/pl\/otrimati-prajs-list\/","title":{"rendered":"Pobierz cennik"},"content":{"rendered":"<script type=\"text\/javascript\">var gform;gform||(document.addEventListener(\"gform_main_scripts_loaded\",function(){gform.scriptsLoaded=!0}),window.addEventListener(\"DOMContentLoaded\",function(){gform.domLoaded=!0}),gform={domLoaded:!1,scriptsLoaded:!1,initializeOnLoaded:function(o){gform.domLoaded&&gform.scriptsLoaded?o():!gform.domLoaded&&gform.scriptsLoaded?window.addEventListener(\"DOMContentLoaded\",o):document.addEventListener(\"gform_main_scripts_loaded\",o)},hooks:{action:{},filter:{}},addAction:function(o,n,r,t){gform.addHook(\"action\",o,n,r,t)},addFilter:function(o,n,r,t){gform.addHook(\"filter\",o,n,r,t)},doAction:function(o){gform.doHook(\"action\",o,arguments)},applyFilters:function(o){return gform.doHook(\"filter\",o,arguments)},removeAction:function(o,n){gform.removeHook(\"action\",o,n)},removeFilter:function(o,n,r){gform.removeHook(\"filter\",o,n,r)},addHook:function(o,n,r,t,i){null==gform.hooks[o][n]&&(gform.hooks[o][n]=[]);var e=gform.hooks[o][n];null==i&&(i=n+\"_\"+e.length),gform.hooks[o][n].push({tag:i,callable:r,priority:t=null==t?10:t})},doHook:function(n,o,r){var t;if(r=Array.prototype.slice.call(r,1),null!=gform.hooks[n][o]&&((o=gform.hooks[n][o]).sort(function(o,n){return o.priority-n.priority}),o.forEach(function(o){\"function\"!=typeof(t=o.callable)&&(t=window[t]),\"action\"==n?t.apply(null,r):r[0]=t.apply(null,r)})),\"filter\"==n)return r[0]},removeHook:function(o,n,t,i){var r;null!=gform.hooks[o][n]&&(r=(r=gform.hooks[o][n]).filter(function(o,n,r){return!!(null!=i&&i!=o.tag||null!=t&&t!=o.priority)}),gform.hooks[o][n]=r)}});<\/script>\n                <div class='gf_browser_gecko gform_wrapper gform_legacy_markup_wrapper gform-theme--no-framework' data-form-theme='legacy' data-form-index='0' id='gform_wrapper_13' style='display:none'>\n                        <div class='gform_heading'>\n                            <p class='gform_description'><\/p>\n                        <\/div><form method='post' enctype='multipart\/form-data'  id='gform_13'  action='\/pl\/wp-json\/wp\/v2\/pages\/5408' data-formid='13' >\n                        <div class='gform-body gform_body'><ul id='gform_fields_13' class='gform_fields top_label form_sublabel_below description_below'><li id=\"field_13_5\"  class=\"gfield gfield--type-text col-md-4 gfield_contains_required field_sublabel_below gfield--no-description field_description_below gfield_visibility_visible\"  data-js-reload=\"field_13_5\"><label class='gfield_label gform-field-label' for='input_13_5' >Nazwa firmy<span class=\"gfield_required\"><span class=\"gfield_required gfield_required_asterisk\">*<\/span><\/span><\/label><div class='ginput_container ginput_container_text'><input name='input_5' id='input_13_5' type='text' value='' class='large'     aria-required=\"true\" aria-invalid=\"false\"   \/> <\/div><\/li><li id=\"field_13_6\"  class=\"gfield gfield--type-text col-md-4 gfield_contains_required field_sublabel_below gfield--no-description field_description_below gfield_visibility_visible\"  data-js-reload=\"field_13_6\"><label class='gfield_label gform-field-label' for='input_13_6' >Pe\u0142ne imi\u0119 i nazwisko<span class=\"gfield_required\"><span class=\"gfield_required gfield_required_asterisk\">*<\/span><\/span><\/label><div class='ginput_container ginput_container_text'><input name='input_6' id='input_13_6' type='text' value='' class='large'     aria-required=\"true\" aria-invalid=\"false\"   \/> <\/div><\/li><li id=\"field_13_7\"  class=\"gfield gfield--type-text col-md-4 gfield_contains_required field_sublabel_below gfield--no-description field_description_below gfield_visibility_visible\"  data-js-reload=\"field_13_7\"><label class='gfield_label gform-field-label' for='input_13_7' >Stanowisko osoby kontaktowej<span class=\"gfield_required\"><span class=\"gfield_required gfield_required_asterisk\">*<\/span><\/span><\/label><div class='ginput_container ginput_container_text'><input name='input_7' id='input_13_7' type='text' value='' class='large'     aria-required=\"true\" aria-invalid=\"false\"   \/> <\/div><\/li><li id=\"field_13_3\"  class=\"gfield gfield--type-email col-md-6 gfield_contains_required field_sublabel_below gfield--no-description field_description_below gfield_visibility_visible\"  data-js-reload=\"field_13_3\"><label class='gfield_label gform-field-label' for='input_13_3' >Email<span class=\"gfield_required\"><span class=\"gfield_required gfield_required_asterisk\">*<\/span><\/span><\/label><div class='ginput_container ginput_container_email'>\n                            <input name='input_3' id='input_13_3' type='text' value='' class='large'    aria-required=\"true\" aria-invalid=\"false\"  \/>\n                        <\/div><\/li><li id=\"field_13_8\"  class=\"gfield gfield--type-phone col-md-6 gfield_contains_required field_sublabel_below gfield--no-description field_description_below gfield_visibility_visible\"  data-js-reload=\"field_13_8\"><label class='gfield_label gform-field-label' for='input_13_8' >Telefon<span class=\"gfield_required\"><span class=\"gfield_required gfield_required_asterisk\">*<\/span><\/span><\/label><div class='ginput_container ginput_container_phone'><input name='input_8' id='input_13_8' type='text' value='' class='large'   aria-required=\"true\" aria-invalid=\"false\"   \/><\/div><\/li><li id=\"field_13_13\"  class=\"gfield gfield--type-select col-md-4 gfield_contains_required field_sublabel_below gfield--no-description field_description_below gfield_visibility_visible\"  data-js-reload=\"field_13_13\"><label class='gfield_label gform-field-label' for='input_13_13' >Kraj<span class=\"gfield_required\"><span class=\"gfield_required gfield_required_asterisk\">*<\/span><\/span><\/label><div class='ginput_container ginput_container_select'><select name='input_13' id='input_13_13' class='large gfield_select'    aria-required=\"true\" aria-invalid=\"false\" ><option value='The Republic of Poland' >The Republic of Poland<\/option><option value='Ukraina' >Ukraina<\/option><option value='Inne kraje' >Inne kraje<\/option><\/select><\/div><\/li><li id=\"field_13_14\"  class=\"gfield gfield--type-select col-md-4 gfield_contains_required field_sublabel_below gfield--no-description field_description_below gfield_visibility_visible\"  data-js-reload=\"field_13_14\"><label class='gfield_label gform-field-label' for='input_13_14' >Region<span class=\"gfield_required\"><span class=\"gfield_required gfield_required_asterisk\">*<\/span><\/span><\/label><div class='ginput_container ginput_container_select'><select name='input_14' id='input_13_14' class='large gfield_select'    aria-required=\"true\" aria-invalid=\"false\" ><option value='Wojew\u00f3dztwo Mazowieckie' >Wojew\u00f3dztwo Mazowieckie<\/option><option value='Wojew\u00f3dztwo Dolno\u015bl\u0105skie' >Wojew\u00f3dztwo Dolno\u015bl\u0105skie<\/option><option value='Wojew\u00f3dztwo Kujawsko-Pomorskie' >Wojew\u00f3dztwo Kujawsko-Pomorskie<\/option><option value='Wojew\u00f3dztwo Lubelskie' >Wojew\u00f3dztwo Lubelskie<\/option><option value='Wojew\u00f3dztwo Lubuskie' >Wojew\u00f3dztwo Lubuskie<\/option><option value='Wojew\u00f3dztwo \u0141\u00f3dzkie' >Wojew\u00f3dztwo \u0141\u00f3dzkie<\/option><option value='Wojew\u00f3dztwo Ma\u0142opolskie' >Wojew\u00f3dztwo Ma\u0142opolskie<\/option><option value='Wojew\u00f3dztwo Opolskie' >Wojew\u00f3dztwo Opolskie<\/option><option value='Wojew\u00f3dztwo Podkarpackie' >Wojew\u00f3dztwo Podkarpackie<\/option><option value='Wojew\u00f3dztwo Podlaskie' >Wojew\u00f3dztwo Podlaskie<\/option><option value='Wojew\u00f3dztwo Pomorskie' >Wojew\u00f3dztwo Pomorskie<\/option><option value='Wojew\u00f3dztwo Swi\u0119tokrzyskie' >Wojew\u00f3dztwo Swi\u0119tokrzyskie<\/option><option value='Wojew\u00f3dztwo \u015al\u0105skie' >Wojew\u00f3dztwo \u015al\u0105skie<\/option><option value='Wojew\u00f3dztwo Wielkopolskie' >Wojew\u00f3dztwo Wielkopolskie<\/option><option value='Wojew\u00f3dztwo Warmi\u0144sko-Mazurskie' >Wojew\u00f3dztwo Warmi\u0144sko-Mazurskie<\/option><option value='Wojew\u00f3dztwo Zachodniopomorskie' >Wojew\u00f3dztwo Zachodniopomorskie<\/option><\/select><\/div><\/li><li id=\"field_13_11\"  class=\"gfield gfield--type-text col-md-4 gfield_contains_required field_sublabel_below gfield--no-description field_description_below gfield_visibility_visible\"  data-js-reload=\"field_13_11\"><label class='gfield_label gform-field-label' for='input_13_11' >Miasto<span class=\"gfield_required\"><span class=\"gfield_required gfield_required_asterisk\">*<\/span><\/span><\/label><div class='ginput_container ginput_container_text'><input name='input_11' id='input_13_11' type='text' value='' class='large'     aria-required=\"true\" aria-invalid=\"false\"   \/> <\/div><\/li><li id=\"field_13_12\"  class=\"gfield gfield--type-multiselect col-md-6 gfield_contains_required field_sublabel_below gfield--no-description field_description_below gfield_visibility_visible\"  data-js-reload=\"field_13_12\"><label class='gfield_label gform-field-label' for='input_13_12' >Rodzaj aktywno\u015bci<span class=\"gfield_required\"><span class=\"gfield_required gfield_required_asterisk\">*<\/span><\/span><\/label><div class='ginput_container ginput_container_multiselect'><select multiple='multiple' data-placeholder='Kliknij aby wybra\u0107\u2026' size='7' name='input_12[]' id='input_13_12' class='large gfield_select'   aria-invalid=\"false\" aria-required=\"true\" ><option value='Hurt' >Hurt<\/option><option value='Sprzeda\u017c detaliczna' >Sprzeda\u017c detaliczna<\/option><option value='Sklep internetowy\n' >Sklep internetowy<\/option><option value='Super\/hipermarket' >Super\/hipermarket<\/option><option value='Inny' >Inny<\/option><\/select><\/div><\/li><li id=\"field_13_17\"  class=\"gfield gfield--type-text col-md-6 gfield_contains_required field_sublabel_below gfield--no-description field_description_below gfield_visibility_visible\"  data-js-reload=\"field_13_17\"><label class='gfield_label gform-field-label' for='input_13_17' >Planowana ilo\u015b\u0107 zakup\u00f3w artyku\u0142\u00f3w pi\u015bmiennych\/tekstylnych? z\u0142<span class=\"gfield_required\"><span class=\"gfield_required gfield_required_asterisk\">*<\/span><\/span><\/label><div class='ginput_container ginput_container_text'><input name='input_17' id='input_13_17' type='text' value='' class='large'     aria-required=\"true\" aria-invalid=\"false\"   \/> <\/div><\/li><li id=\"field_13_19\"  class=\"gfield gfield--type-textarea col-md-12 field_sublabel_below gfield--no-description field_description_below gfield_visibility_visible\"  data-js-reload=\"field_13_19\"><label class='gfield_label gform-field-label' for='input_13_19' >Wiadomo\u015b\u0107<\/label><div class='ginput_container ginput_container_textarea'><textarea name='input_19' id='input_13_19' class='textarea large'      aria-invalid=\"false\"   rows='10' cols='50'><\/textarea><\/div><\/li><li id=\"field_13_21\"  class=\"gfield gfield--type-consent gfield--type-choice gfield--input-type-consent gfield_contains_required field_sublabel_below gfield--no-description field_description_below gfield_visibility_visible\"  data-js-reload=\"field_13_21\"><label class='gfield_label gform-field-label gfield_label_before_complex'  >Zgoda<span class=\"gfield_required\"><span class=\"gfield_required gfield_required_asterisk\">*<\/span><\/span><\/label><div class='ginput_container ginput_container_consent'><input name='input_21.1' id='input_13_21_1' type='checkbox' value='1'   aria-required=\"true\" aria-invalid=\"false\"   \/> <label class=\"gform-field-label gform-field-label--type-inline gfield_consent_label\" for='input_13_21_1' ><span class=\"color__silver-chalice typo-nolen\">Klikaj\u0105c na przycisk, akceptujesz zasady <a class=\"typo-videt\" href=\"https:\/\/axentgroup.pl\/umovi-vikoristannya-sajtu\/\" target=\"_blank\" rel=\"noopener noreferrer\">Warunki u\u017cytkowania  <\/a>i <a class=\"typo-videt\" href=\"https:\/\/axentgroup.pl\/polityka-prywatnosci\/\" target=\"_blank\" rel=\"noopener noreferrer\">Polityka prywatno\u015bci<\/a><\/span><\/label><input type='hidden' name='input_21.2' value='&lt;span class=&quot;color__silver-chalice typo-nolen&quot;&gt;Klikaj\u0105c na przycisk, akceptujesz zasady &lt;a class=&quot;typo-videt&quot; href=&quot;https:\/\/axentgroup.pl\/umovi-vikoristannya-sajtu\/&quot; target=&quot;_blank&quot; rel=&quot;noopener noreferrer&quot;&gt;Warunki u\u017cytkowania  &lt;\/a&gt;i &lt;a class=&quot;typo-videt&quot; href=&quot;https:\/\/axentgroup.pl\/polityka-prywatnosci\/&quot; target=&quot;_blank&quot; rel=&quot;noopener noreferrer&quot;&gt;Polityka prywatno\u015bci&lt;\/a&gt;&lt;\/span&gt;' class='gform_hidden' \/><input type='hidden' name='input_21.3' value='13' class='gform_hidden' \/><\/div><\/li><li id=\"field_13_22\"  class=\"gfield gfield--type-captcha field_sublabel_below gfield--no-description field_description_below gfield_visibility_visible\"  data-js-reload=\"field_13_22\"><label class='gfield_label gform-field-label' for='input_13_22' >CAPTCHA<\/label><div id='input_13_22' class='ginput_container ginput_recaptcha' data-sitekey='6Lexe5YkAAAAABtM3guqrBM7IO4DGQAilyLB_l3q'  data-theme='light' data-tabindex='-1' data-size='invisible' data-badge='bottomright'><\/div><\/li><\/ul><\/div>\n        <div class='gform_footer top_label'> <input type='submit' id='gform_submit_button_13' class='gform_button button' value='Wy\u015blij'  onclick='if(window[\"gf_submitting_13\"]){return false;}  window[\"gf_submitting_13\"]=true;  ' onkeypress='if( event.keyCode == 13 ){ if(window[\"gf_submitting_13\"]){return false;} window[\"gf_submitting_13\"]=true;  jQuery(\"#gform_13\").trigger(\"submit\",[true]); }' \/> \n            <input type='hidden' class='gform_hidden' name='is_submit_13' value='1' \/>\n            <input type='hidden' class='gform_hidden' name='gform_submit' value='13' \/>\n            \n            <input type='hidden' class='gform_hidden' name='gform_unique_id' value='' \/>\n            <input type='hidden' class='gform_hidden' name='state_13' value='WyJ7XCIyMS4xXCI6XCJkMGI1MTBmMzc2NzFiNmVmMGZiYTYwMmZiZWZmYjkzMlwiLFwiMjEuMlwiOlwiMzkwNDM3M2EzN2RlMWVkZThkYmJkZWFlNTBiNDUyOTRcIixcIjIxLjNcIjpcImQ0MWNiZTBhMGY5NjU5YWVjNDdjOGI2ODc2YzViMzA1XCJ9IiwiYjMyYmNkOTlmNzhhYjc3ZmM4ZjRiOTI1N2M3YzA4MDMiXQ==' \/>\n            <input type='hidden' class='gform_hidden' name='gform_target_page_number_13' id='gform_target_page_number_13' value='0' \/>\n            <input type='hidden' class='gform_hidden' name='gform_source_page_number_13' id='gform_source_page_number_13' value='1' \/>\n            <input type='hidden' name='gform_field_values' value='' \/>\n            \n        <\/div>\n                        <\/form>\n                        <\/div><script>\ngform.initializeOnLoaded( function() {gformInitSpinner( 13, 'https:\/\/vivat-trading.pl\/wp-content\/plugins\/gravityforms\/images\/spinner.svg', true );jQuery('#gform_ajax_frame_13').on('load',function(){var contents = jQuery(this).contents().find('*').html();var is_postback = contents.indexOf('GF_AJAX_POSTBACK') >= 0;if(!is_postback){return;}var form_content = jQuery(this).contents().find('#gform_wrapper_13');var is_confirmation = jQuery(this).contents().find('#gform_confirmation_wrapper_13').length > 0;var is_redirect = contents.indexOf('gformRedirect(){') >= 0;var is_form = form_content.length > 0 && ! is_redirect && ! is_confirmation;var mt = parseInt(jQuery('html').css('margin-top'), 10) + parseInt(jQuery('body').css('margin-top'), 10) + 100;if(is_form){jQuery('#gform_wrapper_13').html(form_content.html());if(form_content.hasClass('gform_validation_error')){jQuery('#gform_wrapper_13').addClass('gform_validation_error');} else {jQuery('#gform_wrapper_13').removeClass('gform_validation_error');}setTimeout( function() { \/* delay the scroll by 50 milliseconds to fix a bug in chrome *\/  }, 50 );if(window['gformInitDatepicker']) {gformInitDatepicker();}if(window['gformInitPriceFields']) {gformInitPriceFields();}var current_page = jQuery('#gform_source_page_number_13').val();gformInitSpinner( 13, 'https:\/\/vivat-trading.pl\/wp-content\/plugins\/gravityforms\/images\/spinner.svg', true );jQuery(document).trigger('gform_page_loaded', [13, current_page]);window['gf_submitting_13'] = false;}else if(!is_redirect){var confirmation_content = jQuery(this).contents().find('.GF_AJAX_POSTBACK').html();if(!confirmation_content){confirmation_content = contents;}setTimeout(function(){jQuery('#gform_wrapper_13').replaceWith(confirmation_content);jQuery(document).trigger('gform_confirmation_loaded', [13]);window['gf_submitting_13'] = false;wp.a11y.speak(jQuery('#gform_confirmation_message_13').text());}, 50);}else{jQuery('#gform_13').append(contents);if(window['gformRedirect']) {gformRedirect();}}jQuery(document).trigger('gform_post_render', [13, current_page]);} );} );\n<\/script>\n","protected":false},"excerpt":{"rendered":"","protected":false},"author":1,"featured_media":0,"parent":0,"menu_order":0,"comment_status":"closed","ping_status":"closed","template":"","meta":{"footnotes":""},"class_list":["post-5408","page","type-page","status-publish","hentry"],"yoast_head":"<!-- This site is optimized with the Yoast SEO Premium plugin v18.6 (Yoast SEO v25.2) - https:\/\/yoast.com\/wordpress\/plugins\/seo\/ -->\n<title>Pobierz cennik - Vivat Trading<\/title>\n<meta name=\"robots\" content=\"index, follow, max-snippet:-1, max-image-preview:large, max-video-preview:-1\" \/>\n<link rel=\"canonical\" href=\"https:\/\/vivat-trading.pl\/pl\/otrimati-prajs-list\/\" \/>\n<meta property=\"og:locale\" content=\"pl_PL\" \/>\n<meta property=\"og:type\" content=\"article\" \/>\n<meta property=\"og:title\" content=\"Pobierz cennik\" \/>\n<meta property=\"og:url\" content=\"https:\/\/vivat-trading.pl\/pl\/otrimati-prajs-list\/\" \/>\n<meta property=\"og:site_name\" content=\"Vivat Trading\" \/>\n<meta property=\"article:modified_time\" content=\"2023-02-20T11:00:07+00:00\" \/>\n<meta name=\"twitter:card\" content=\"summary_large_image\" \/>\n<script type=\"application\/ld+json\" class=\"yoast-schema-graph\">{\"@context\":\"https:\/\/schema.org\",\"@graph\":[{\"@type\":\"WebPage\",\"@id\":\"https:\/\/vivat-trading.pl\/pl\/otrimati-prajs-list\/\",\"url\":\"https:\/\/vivat-trading.pl\/pl\/otrimati-prajs-list\/\",\"name\":\"Pobierz cennik - Vivat Trading\",\"isPartOf\":{\"@id\":\"https:\/\/vivat-trading.pl\/pl\/#website\"},\"datePublished\":\"2023-02-19T14:10:16+00:00\",\"dateModified\":\"2023-02-20T11:00:07+00:00\",\"breadcrumb\":{\"@id\":\"https:\/\/vivat-trading.pl\/pl\/otrimati-prajs-list\/#breadcrumb\"},\"inLanguage\":\"pl-PL\",\"potentialAction\":[{\"@type\":\"ReadAction\",\"target\":[\"https:\/\/vivat-trading.pl\/pl\/otrimati-prajs-list\/\"]}]},{\"@type\":\"BreadcrumbList\",\"@id\":\"https:\/\/vivat-trading.pl\/pl\/otrimati-prajs-list\/#breadcrumb\",\"itemListElement\":[{\"@type\":\"ListItem\",\"position\":1,\"name\":\"G\u0142\u00f3wny\",\"item\":\"https:\/\/vivat-trading.pl\/pl\/\"},{\"@type\":\"ListItem\",\"position\":2,\"name\":\"Pobierz cennik\"}]},{\"@type\":\"WebSite\",\"@id\":\"https:\/\/vivat-trading.pl\/pl\/#website\",\"url\":\"https:\/\/vivat-trading.pl\/pl\/\",\"name\":\"Vivat Trading\",\"description\":\"Dystrybucja artyku\u0142\u00f3w biurowych i tekstylnych\",\"publisher\":{\"@id\":\"https:\/\/vivat-trading.pl\/pl\/#organization\"},\"potentialAction\":[{\"@type\":\"SearchAction\",\"target\":{\"@type\":\"EntryPoint\",\"urlTemplate\":\"https:\/\/vivat-trading.pl\/pl\/?s={search_term_string}\"},\"query-input\":{\"@type\":\"PropertyValueSpecification\",\"valueRequired\":true,\"valueName\":\"search_term_string\"}}],\"inLanguage\":\"pl-PL\"},{\"@type\":\"Organization\",\"@id\":\"https:\/\/vivat-trading.pl\/pl\/#organization\",\"name\":\"Vivat Trading\",\"url\":\"https:\/\/vivat-trading.pl\/pl\/\",\"logo\":{\"@type\":\"ImageObject\",\"inLanguage\":\"pl-PL\",\"@id\":\"https:\/\/vivat-trading.pl\/pl\/#\/schema\/logo\/image\/\",\"url\":\"https:\/\/new.axentgroup.pl\/wp-content\/uploads\/2023\/01\/logo-axent-group.svg\",\"contentUrl\":\"https:\/\/new.axentgroup.pl\/wp-content\/uploads\/2023\/01\/logo-axent-group.svg\",\"width\":223,\"height\":37,\"caption\":\"Vivat Trading\"},\"image\":{\"@id\":\"https:\/\/vivat-trading.pl\/pl\/#\/schema\/logo\/image\/\"}}]}<\/script>\n<!-- \/ Yoast SEO Premium plugin. -->","yoast_head_json":{"title":"Pobierz cennik - Vivat Trading","robots":{"index":"index","follow":"follow","max-snippet":"max-snippet:-1","max-image-preview":"max-image-preview:large","max-video-preview":"max-video-preview:-1"},"canonical":"https:\/\/vivat-trading.pl\/pl\/otrimati-prajs-list\/","og_locale":"pl_PL","og_type":"article","og_title":"Pobierz cennik","og_url":"https:\/\/vivat-trading.pl\/pl\/otrimati-prajs-list\/","og_site_name":"Vivat Trading","article_modified_time":"2023-02-20T11:00:07+00:00","twitter_card":"summary_large_image","schema":{"@context":"https:\/\/schema.org","@graph":[{"@type":"WebPage","@id":"https:\/\/vivat-trading.pl\/pl\/otrimati-prajs-list\/","url":"https:\/\/vivat-trading.pl\/pl\/otrimati-prajs-list\/","name":"Pobierz cennik - Vivat Trading","isPartOf":{"@id":"https:\/\/vivat-trading.pl\/pl\/#website"},"datePublished":"2023-02-19T14:10:16+00:00","dateModified":"2023-02-20T11:00:07+00:00","breadcrumb":{"@id":"https:\/\/vivat-trading.pl\/pl\/otrimati-prajs-list\/#breadcrumb"},"inLanguage":"pl-PL","potentialAction":[{"@type":"ReadAction","target":["https:\/\/vivat-trading.pl\/pl\/otrimati-prajs-list\/"]}]},{"@type":"BreadcrumbList","@id":"https:\/\/vivat-trading.pl\/pl\/otrimati-prajs-list\/#breadcrumb","itemListElement":[{"@type":"ListItem","position":1,"name":"G\u0142\u00f3wny","item":"https:\/\/vivat-trading.pl\/pl\/"},{"@type":"ListItem","position":2,"name":"Pobierz cennik"}]},{"@type":"WebSite","@id":"https:\/\/vivat-trading.pl\/pl\/#website","url":"https:\/\/vivat-trading.pl\/pl\/","name":"Vivat Trading","description":"Dystrybucja artyku\u0142\u00f3w biurowych i tekstylnych","publisher":{"@id":"https:\/\/vivat-trading.pl\/pl\/#organization"},"potentialAction":[{"@type":"SearchAction","target":{"@type":"EntryPoint","urlTemplate":"https:\/\/vivat-trading.pl\/pl\/?s={search_term_string}"},"query-input":{"@type":"PropertyValueSpecification","valueRequired":true,"valueName":"search_term_string"}}],"inLanguage":"pl-PL"},{"@type":"Organization","@id":"https:\/\/vivat-trading.pl\/pl\/#organization","name":"Vivat Trading","url":"https:\/\/vivat-trading.pl\/pl\/","logo":{"@type":"ImageObject","inLanguage":"pl-PL","@id":"https:\/\/vivat-trading.pl\/pl\/#\/schema\/logo\/image\/","url":"https:\/\/new.axentgroup.pl\/wp-content\/uploads\/2023\/01\/logo-axent-group.svg","contentUrl":"https:\/\/new.axentgroup.pl\/wp-content\/uploads\/2023\/01\/logo-axent-group.svg","width":223,"height":37,"caption":"Vivat Trading"},"image":{"@id":"https:\/\/vivat-trading.pl\/pl\/#\/schema\/logo\/image\/"}}]}},"_links":{"self":[{"href":"https:\/\/vivat-trading.pl\/pl\/wp-json\/wp\/v2\/pages\/5408","targetHints":{"allow":["GET"]}}],"collection":[{"href":"https:\/\/vivat-trading.pl\/pl\/wp-json\/wp\/v2\/pages"}],"about":[{"href":"https:\/\/vivat-trading.pl\/pl\/wp-json\/wp\/v2\/types\/page"}],"author":[{"embeddable":true,"href":"https:\/\/vivat-trading.pl\/pl\/wp-json\/wp\/v2\/users\/1"}],"replies":[{"embeddable":true,"href":"https:\/\/vivat-trading.pl\/pl\/wp-json\/wp\/v2\/comments?post=5408"}],"version-history":[{"count":6,"href":"https:\/\/vivat-trading.pl\/pl\/wp-json\/wp\/v2\/pages\/5408\/revisions"}],"predecessor-version":[{"id":5447,"href":"https:\/\/vivat-trading.pl\/pl\/wp-json\/wp\/v2\/pages\/5408\/revisions\/5447"}],"wp:attachment":[{"href":"https:\/\/vivat-trading.pl\/pl\/wp-json\/wp\/v2\/media?parent=5408"}],"curies":[{"name":"wp","href":"https:\/\/api.w.org\/{rel}","templated":true}]}}